{"id":1140,"date":"2016-10-23T18:37:01","date_gmt":"2016-10-23T16:37:01","guid":{"rendered":"http:\/\/www.lippe-grundschule.de\/?page_id=1140"},"modified":"2018-09-05T16:50:23","modified_gmt":"2018-09-05T14:50:23","slug":"schulmanagement","status":"publish","type":"page","link":"http:\/\/www.lippe-grundschule.de\/?page_id=1140","title":{"rendered":"4. Schulmanagement"},"content":{"rendered":"<p>Im Schuljahr 2016-2017 wird das Schulprogramm neu strukturiert. Die Ergebnisse, die dem Bereich &#8222;Schulmanagement&#8220; zuzuordnen sind, werden an dieser Stelle ver\u00f6ffentlicht.<\/p>\n<p><a href=\"http:\/\/www.lippe-grundschule.de\/wp-content\/uploads\/2016\/10\/4.3.-und-5.2.-und-5.3.-Jahrgangsteams.pdf\" target=\"_blank\" rel=\"noopener\">4.3. und 5.2. und 5.3. Jahrgangsteams<\/a><\/p>\n<p><strong>Organisation:<\/strong><\/p>\n<p><a href=\"http:\/\/www.lippe-grundschule.de\/wp-content\/uploads\/2016\/10\/Aufgabenverteilung-im-Bereich-Medien.pdf\" target=\"_blank\" rel=\"noopener\">Aufgabenverteilung im Bereich Medien<\/a><br \/>\n<a href=\"http:\/\/www.lippe-grundschule.de\/wp-content\/uploads\/2018\/09\/Gesch\u00e4ftsverteilungsplan-Schuljahr-2018-19-1.pdf\" target=\"_blank\" rel=\"noopener\">Gesch\u00e4ftsverteilungsplan Schuljahr 2018-19<\/a><br \/>\n<a href=\"http:\/\/www.lippe-grundschule.de\/wp-content\/uploads\/2018\/09\/Gesch\u00e4ftsverteilungsplan-der-Schulleitung-Schuljahr-2018-19.pdf\" target=\"_blank\" rel=\"noopener\">Gesch\u00e4ftsverteilungsplan der Schulleitung Schuljahr 2018-19<\/a><br \/>\n<a href=\"http:\/\/www.lippe-grundschule.de\/wp-content\/uploads\/2017\/12\/4.2.-Vertretungskonzept-V2.pdf\">4.2. Vertretungskonzept<\/a><\/p>\n<p><strong>Gesundheitsschutz:<\/strong><\/p>\n<p><a href=\"http:\/\/www.lippe-grundschule.de\/wp-content\/uploads\/2016\/10\/Grundschulkonzept-Zahnprophylaxe.pdf\" target=\"_blank\" rel=\"noopener\">Grundschulkonzept Zahnprophylaxe<\/a><\/p>\n","protected":false},"excerpt":{"rendered":"<p>Im Schuljahr 2016-2017 wird das Schulprogramm neu strukturiert. Die Ergebnisse, die dem Bereich &#8222;Schulmanagement&#8220; zuzuordnen sind, werden an dieser Stelle ver\u00f6ffentlicht. 4.3. und 5.2. und 5.3. Jahrgangsteams Organisation: Aufgabenverteilung im Bereich Medien Gesch\u00e4ftsverteilungsplan Schuljahr 2018-19 Gesch\u00e4ftsverteilungsplan der Schulleitung Schuljahr 2018-19 4.2. Vertretungskonzept Gesundheitsschutz: Grundschulkonzept Zahnprophylaxe<\/p>\n","protected":false},"author":1,"featured_media":0,"parent":890,"menu_order":4,"comment_status":"closed","ping_status":"closed","template":"","meta":{"footnotes":""},"class_list":["post-1140","page","type-page","status-publish","hentry"],"_links":{"self":[{"href":"http:\/\/www.lippe-grundschule.de\/index.php?rest_route=\/wp\/v2\/pages\/1140","targetHints":{"allow":["GET"]}}],"collection":[{"href":"http:\/\/www.lippe-grundschule.de\/index.php?rest_route=\/wp\/v2\/pages"}],"about":[{"href":"http:\/\/www.lippe-grundschule.de\/index.php?rest_route=\/wp\/v2\/types\/page"}],"author":[{"embeddable":true,"href":"http:\/\/www.lippe-grundschule.de\/index.php?rest_route=\/wp\/v2\/users\/1"}],"replies":[{"embeddable":true,"href":"http:\/\/www.lippe-grundschule.de\/index.php?rest_route=%2Fwp%2Fv2%2Fcomments&post=1140"}],"version-history":[{"count":13,"href":"http:\/\/www.lippe-grundschule.de\/index.php?rest_route=\/wp\/v2\/pages\/1140\/revisions"}],"predecessor-version":[{"id":3859,"href":"http:\/\/www.lippe-grundschule.de\/index.php?rest_route=\/wp\/v2\/pages\/1140\/revisions\/3859"}],"up":[{"embeddable":true,"href":"http:\/\/www.lippe-grundschule.de\/index.php?rest_route=\/wp\/v2\/pages\/890"}],"wp:attachment":[{"href":"http:\/\/www.lippe-grundschule.de\/index.php?rest_route=%2Fwp%2Fv2%2Fmedia&parent=1140"}],"curies":[{"name":"wp","href":"https:\/\/api.w.org\/{rel}","templated":true}]}}