{"id":1147,"date":"2016-10-23T18:55:17","date_gmt":"2016-10-23T16:55:17","guid":{"rendered":"http:\/\/www.lippe-grundschule.de\/?page_id=1147"},"modified":"2017-02-21T08:52:02","modified_gmt":"2017-02-21T07:52:02","slug":"schulkultur","status":"publish","type":"page","link":"http:\/\/www.lippe-grundschule.de\/?page_id=1147","title":{"rendered":"3. Schulkultur"},"content":{"rendered":"<p>Im Schuljahr 2016-2017 wird das Schulprogramm neu strukturiert. Die Ergebnisse, die dem Bereich &#8222;Schulkultur&#8220; zuzuordnen sind, werden an dieser Stelle ver\u00f6ffentlicht.<\/p>\n<p><a href=\"http:\/\/www.lippe-grundschule.de\/?page_id=300\" target=\"_blank\">3 Das Leitbild<\/a><\/p>\n<p><a href=\"http:\/\/www.lippe-grundschule.de\/wp-content\/uploads\/2016\/10\/3.-Bekenntnisschule.pdf\" target=\"_blank\">3. Bekenntnisschule<\/a><\/p>\n<p><a href=\"http:\/\/www.lippe-grundschule.de\/wp-content\/uploads\/2016\/10\/3.1-Schuldarstellung.pdf\" target=\"_blank\">3.1 Schuldarstellung<\/a><\/p>\n<p><a href=\"http:\/\/www.lippe-grundschule.de\/wp-content\/uploads\/2016\/10\/3.1-Einschulung.pdf\" target=\"_blank\">3.1 Einschulung<\/a><\/p>\n<p><a href=\"http:\/\/www.lippe-grundschule.de\/wp-content\/uploads\/2016\/10\/Beschwerdemanagement-V0.2.pdf\" target=\"_blank\">3.2 Beschwerdemanagement<\/a><\/p>\n<p><a href=\"http:\/\/www.lippe-grundschule.de\/wp-content\/uploads\/2016\/10\/3.4.-Sch\u00fclerparlament-V1.pdf\" target=\"_blank\">3.4 Sch\u00fclerparlament<\/a><\/p>\n<p><a href=\"http:\/\/www.lippe-grundschule.de\/wp-content\/uploads\/2016\/10\/3.5.-\u00dcbergang-Kindergarten-\u2013-Grundschule.pdf\" target=\"_blank\">3.5. \u00dcbergang Kindergarten \u2013 Grundschule<\/a><\/p>\n","protected":false},"excerpt":{"rendered":"<p>Im Schuljahr 2016-2017 wird das Schulprogramm neu strukturiert. Die Ergebnisse, die dem Bereich &#8222;Schulkultur&#8220; zuzuordnen sind, werden an dieser Stelle ver\u00f6ffentlicht. 3 Das Leitbild 3. Bekenntnisschule 3.1 Schuldarstellung 3.1 Einschulung 3.2 Beschwerdemanagement 3.4 Sch\u00fclerparlament 3.5. \u00dcbergang Kindergarten \u2013 Grundschule<\/p>\n","protected":false},"author":1,"featured_media":0,"parent":890,"menu_order":3,"comment_status":"closed","ping_status":"closed","template":"","meta":{"footnotes":""},"class_list":["post-1147","page","type-page","status-publish","hentry"],"_links":{"self":[{"href":"http:\/\/www.lippe-grundschule.de\/index.php?rest_route=\/wp\/v2\/pages\/1147","targetHints":{"allow":["GET"]}}],"collection":[{"href":"http:\/\/www.lippe-grundschule.de\/index.php?rest_route=\/wp\/v2\/pages"}],"about":[{"href":"http:\/\/www.lippe-grundschule.de\/index.php?rest_route=\/wp\/v2\/types\/page"}],"author":[{"embeddable":true,"href":"http:\/\/www.lippe-grundschule.de\/index.php?rest_route=\/wp\/v2\/users\/1"}],"replies":[{"embeddable":true,"href":"http:\/\/www.lippe-grundschule.de\/index.php?rest_route=%2Fwp%2Fv2%2Fcomments&post=1147"}],"version-history":[{"count":11,"href":"http:\/\/www.lippe-grundschule.de\/index.php?rest_route=\/wp\/v2\/pages\/1147\/revisions"}],"predecessor-version":[{"id":1884,"href":"http:\/\/www.lippe-grundschule.de\/index.php?rest_route=\/wp\/v2\/pages\/1147\/revisions\/1884"}],"up":[{"embeddable":true,"href":"http:\/\/www.lippe-grundschule.de\/index.php?rest_route=\/wp\/v2\/pages\/890"}],"wp:attachment":[{"href":"http:\/\/www.lippe-grundschule.de\/index.php?rest_route=%2Fwp%2Fv2%2Fmedia&parent=1147"}],"curies":[{"name":"wp","href":"https:\/\/api.w.org\/{rel}","templated":true}]}}