{"id":1311,"date":"2016-11-20T11:30:36","date_gmt":"2016-11-20T10:30:36","guid":{"rendered":"http:\/\/www.lippe-grundschule.de\/?page_id=1311"},"modified":"2018-05-19T14:16:24","modified_gmt":"2018-05-19T12:16:24","slug":"links-fuer-kinder","status":"publish","type":"page","link":"http:\/\/www.lippe-grundschule.de\/?page_id=1311","title":{"rendered":"Links f\u00fcr Kinder"},"content":{"rendered":"<p>Lern- und \u00dcbungsseiten<br \/>\n<a href=\"http:\/\/antonapp.com\/\" target=\"_blank\" rel=\"noopener\">ANTON &#8211; die Lern-APP f\u00fcr Kinder<\/a><a href=\"http:\/\/www.antolin.de\/\" target=\"_blank\" rel=\"noopener\"><br \/>\nAntolin<br \/>\n<\/a><a href=\"http:\/\/www.hamsterkiste.de\/\" target=\"_blank\" rel=\"noopener\">Hamsterkiste<br \/>\n<\/a><a href=\"http:\/\/www.olis-wilde-welt.de\/\" target=\"_blank\" rel=\"noopener\">Olis wilde Welt<\/a><\/p>\n<p>Internet f\u00fcr Kinder<br \/>\n<a href=\"http:\/\/seitenstark.de\/\" target=\"_blank\" rel=\"noopener\">Seitenstark<br \/>\n<\/a><a href=\"http:\/\/www.nrw-f\u00fcr-kids.de\/linksfuerkids.html\" target=\"_blank\" rel=\"noopener\">Nordrhein-Westfalen f\u00fcr Kid&#8217;s<br \/>\n<\/a><a href=\"http:\/\/www.klicksafe.de\/fuer-kinder\/\" target=\"_blank\" rel=\"noopener\">klicksafe fuer Kinder<\/a><\/p>\n<p>Suchmaschinen f\u00fcr Kinder<br \/>\n<a href=\"http:\/\/www.blinde-kuh.de\/\" target=\"_blank\" rel=\"noopener\">Blinde-Kuh<br \/>\n<\/a><a href=\"https:\/\/www.fragfinn.de\/\" target=\"_blank\" rel=\"noopener\">Frag Finn<br \/>\n<\/a><a href=\"https:\/\/www.helles-koepfchen.de\/\" target=\"_blank\" rel=\"noopener\">Helles K\u00f6pfchen<\/a><\/p>\n<p>Deutsch als Zweitsprache \/ Fremdsprache (DaZ \/ DaF)<br \/>\n<a href=\"http:\/\/LearningApps.org\/view1148169\" target=\"_blank\" rel=\"noopener\">Galgenm\u00e4nnchen mit Tierw\u00f6rtern<br \/>\n<\/a><a href=\"http:\/\/LearningApps.org\/view2076580\" target=\"_blank\" rel=\"noopener\">Alles zum K\u00f6rper<br \/>\n<\/a><a href=\"http:\/\/LearningApps.org\/watch?v=p757y59qc01\" target=\"_blank\" rel=\"noopener\">Krank sein<\/a><a href=\"http:\/\/LearningApps.org\/view2076580\" target=\"_blank\" rel=\"noopener\"><br \/>\n<\/a><a href=\"http:\/\/LearningApps.org\/view1230992\" target=\"_blank\" rel=\"noopener\">Schulsachen<\/a><br \/>\n<a href=\"http:\/\/LearningApps.org\/view1469362\" target=\"_blank\" rel=\"noopener\">Familie<br \/>\n<\/a><a href=\"http:\/\/LearningApps.org\/view397670\" target=\"_blank\" rel=\"noopener\">Uhrzeit 1<br \/>\n<\/a><a href=\"http:\/\/LearningApps.org\/view397744\" target=\"_blank\" rel=\"noopener\">Uhrzeit 2<br \/>\n<\/a><a href=\"http:\/\/LearningApps.org\/view1322190\" target=\"_blank\" rel=\"noopener\">Farben<br \/>\n<\/a><a href=\"http:\/\/LearningApps.org\/view2012597\" target=\"_blank\" rel=\"noopener\">Alles zu Kleidung<br \/>\n<\/a><a href=\"http:\/\/LearningApps.org\/view1282442\" target=\"_blank\" rel=\"noopener\">Obst<\/a><\/p>\n<p>&nbsp;<\/p>\n","protected":false},"excerpt":{"rendered":"<p>Lern- und \u00dcbungsseiten ANTON &#8211; die Lern-APP f\u00fcr Kinder Antolin Hamsterkiste Olis wilde Welt Internet f\u00fcr Kinder Seitenstark Nordrhein-Westfalen f\u00fcr Kid&#8217;s klicksafe fuer Kinder Suchmaschinen f\u00fcr Kinder Blinde-Kuh Frag Finn Helles K\u00f6pfchen Deutsch als Zweitsprache \/ Fremdsprache (DaZ \/ DaF) Galgenm\u00e4nnchen mit Tierw\u00f6rtern Alles zum K\u00f6rper Krank sein Schulsachen Familie Uhrzeit 1 Uhrzeit 2 Farben [&hellip;]<\/p>\n","protected":false},"author":1,"featured_media":0,"parent":316,"menu_order":5,"comment_status":"closed","ping_status":"closed","template":"","meta":{"footnotes":""},"class_list":["post-1311","page","type-page","status-publish","hentry"],"_links":{"self":[{"href":"http:\/\/www.lippe-grundschule.de\/index.php?rest_route=\/wp\/v2\/pages\/1311","targetHints":{"allow":["GET"]}}],"collection":[{"href":"http:\/\/www.lippe-grundschule.de\/index.php?rest_route=\/wp\/v2\/pages"}],"about":[{"href":"http:\/\/www.lippe-grundschule.de\/index.php?rest_route=\/wp\/v2\/types\/page"}],"author":[{"embeddable":true,"href":"http:\/\/www.lippe-grundschule.de\/index.php?rest_route=\/wp\/v2\/users\/1"}],"replies":[{"embeddable":true,"href":"http:\/\/www.lippe-grundschule.de\/index.php?rest_route=%2Fwp%2Fv2%2Fcomments&post=1311"}],"version-history":[{"count":21,"href":"http:\/\/www.lippe-grundschule.de\/index.php?rest_route=\/wp\/v2\/pages\/1311\/revisions"}],"predecessor-version":[{"id":3675,"href":"http:\/\/www.lippe-grundschule.de\/index.php?rest_route=\/wp\/v2\/pages\/1311\/revisions\/3675"}],"up":[{"embeddable":true,"href":"http:\/\/www.lippe-grundschule.de\/index.php?rest_route=\/wp\/v2\/pages\/316"}],"wp:attachment":[{"href":"http:\/\/www.lippe-grundschule.de\/index.php?rest_route=%2Fwp%2Fv2%2Fmedia&parent=1311"}],"curies":[{"name":"wp","href":"https:\/\/api.w.org\/{rel}","templated":true}]}}