{"id":22,"date":"2016-05-09T17:52:11","date_gmt":"2016-05-09T15:52:11","guid":{"rendered":"http:\/\/www.lippe-grundschule.de\/?page_id=22"},"modified":"2024-04-25T12:58:05","modified_gmt":"2024-04-25T10:58:05","slug":"ogs","status":"publish","type":"page","link":"http:\/\/www.lippe-grundschule.de\/?page_id=22","title":{"rendered":"OGS"},"content":{"rendered":"\n<div class=\"wp-block-group\"><div class=\"wp-block-group__inner-container is-layout-flow wp-block-group-is-layout-flow\">\n<p class=\"has-text-align-center has-large-font-size\">Willkommen in unserer OGS<\/p>\n\n\n\n<div class=\"wp-block-columns are-vertically-aligned-center is-layout-flex wp-container-core-columns-is-layout-9d6595d7 wp-block-columns-is-layout-flex\">\n<div class=\"wp-block-column is-vertically-aligned-center is-layout-flow wp-block-column-is-layout-flow\" style=\"flex-basis:66.66%\">\n<figure class=\"wp-block-image size-large is-resized\"><a href=\"http:\/\/www.lippe-grundschule.de\/?page_id=4798\"><img decoding=\"async\" src=\"http:\/\/www.lippe-grundschule.de\/wp-content\/uploads\/2021\/02\/OGS-Aktuelles-Logo-2.png\" alt=\"\" style=\"width:418px;height:auto\"\/><\/a><\/figure>\n<\/div>\n\n\n\n<div class=\"wp-block-column is-vertically-aligned-center is-layout-flow wp-block-column-is-layout-flow\" style=\"flex-basis:33.33%\">\n<p class=\"has-text-align-left has-medium-font-size\" style=\"font-style:normal;font-weight:600\"><a href=\"http:\/\/www.lippe-grundschule.de\/?page_id=4798\">Hier finden Sie die OGS-Zeitungen<\/a><\/p>\n<\/div>\n<\/div>\n\n\n\n<p style=\"font-size:18px\">Die AWO unterst\u00fctzt die Vereinbarkeit von Familie und Beruf durch eine verl\u00e4ssliche ganzj\u00e4hrige Betreuung der Sch\u00fclerinnen und Sch\u00fcler nach Unterrichtsende bis 16:00 Uhr.<br>W\u00e4hrend der Schulzeit wird der Tagesablauf durch die Hausaufgabenbegleitung, ein vollwertiges, gesundes Mittagessen und viele unterschiedliche Sport-, Musik-, Kreativ-, oder F\u00f6rderangebote strukturiert.<br>In den Ferien und an beweglichen Ferientagen bieten wir ein abwechslungsreiches, schul\u00fcbergreifendes Freizeitprogramm von 07:30 &#8211; 16:00 Uhr.<br>Als zertifizierte Einrichtung legen wir besonderen Wert auf die individuelle F\u00f6rderung. Dies gew\u00e4hrleisten wir z.B. durch eigens entwickelte&nbsp; Lernzielb\u00f6gen.<\/p>\n\n\n\n<p style=\"font-size:18px\">Liebe Eltern,<br>Sie finden unser aktuelles OGS-Konzept und unser OGS ABC auf unserer Homepage, damit Sie sich jederzeit \u00fcber unsere Arbeit und deren wichtige Bausteine informieren k\u00f6nnen. Dar\u00fcber hinaus laden wir Sie ganz herzlich ein, sich mit unseren OGS Zeitungsausgaben unter &#8222;OGS aktuell&#8220; zu informieren.<\/p>\n\n\n\n<p style=\"font-size:18px\">Da unsere OGS Gruppen regelm\u00e4\u00dfig durch gemeinsame Projekte umgestaltet werden, lohnt sich auch immer wieder ein Besuch der aktuellen R\u00e4umlichkeiten z.B. an unserem &#8222;Tag der offenen T\u00fcr&#8220;.<\/p>\n\n\n\n<p style=\"font-size:18px\">Wir w\u00fcnschen Ihnen dabei viel Freude!<\/p>\n\n\n\n<div class=\"wp-block-columns is-layout-flex wp-container-core-columns-is-layout-9d6595d7 wp-block-columns-is-layout-flex\">\n<div class=\"wp-block-column is-vertically-aligned-center is-layout-flow wp-block-column-is-layout-flow\">\n<figure class=\"wp-block-image size-large\"><a href=\"http:\/\/www.lippe-grundschule.de\/wp-content\/uploads\/2024\/02\/OGS-Konzept-01.01.2024.pdf\" target=\"_blank\" rel=\"noreferrer noopener\"><img loading=\"lazy\" decoding=\"async\" width=\"397\" height=\"112\" src=\"http:\/\/www.lippe-grundschule.de\/wp-content\/uploads\/2021\/02\/OGS-Konzept.png\" alt=\"Konzept der OGS\" class=\"wp-image-4789\" srcset=\"http:\/\/www.lippe-grundschule.de\/wp-content\/uploads\/2021\/02\/OGS-Konzept.png 397w, http:\/\/www.lippe-grundschule.de\/wp-content\/uploads\/2021\/02\/OGS-Konzept-300x85.png 300w, http:\/\/www.lippe-grundschule.de\/wp-content\/uploads\/2021\/02\/OGS-Konzept-150x42.png 150w\" sizes=\"auto, (max-width: 397px) 100vw, 397px\" \/><\/a><\/figure>\n\n\n\n<p><\/p>\n<\/div>\n\n\n\n<div class=\"wp-block-column is-vertically-aligned-center is-layout-flow wp-block-column-is-layout-flow\">\n<figure class=\"wp-block-image size-large\"><a href=\"http:\/\/www.lippe-grundschule.de\/wp-content\/uploads\/2024\/03\/2.0-OGS-Zeitung-2.-Ausgabe-24.pdf\" target=\"_blank\" rel=\"noreferrer noopener\"><img loading=\"lazy\" decoding=\"async\" width=\"1024\" height=\"587\" src=\"http:\/\/www.lippe-grundschule.de\/wp-content\/uploads\/2024\/03\/OGS-Zeitung-Logo-2024-03-08-1024x587.jpeg\" alt=\"Logo der OGS Zeitung\" class=\"wp-image-5735\" srcset=\"http:\/\/www.lippe-grundschule.de\/wp-content\/uploads\/2024\/03\/OGS-Zeitung-Logo-2024-03-08-1024x587.jpeg 1024w, http:\/\/www.lippe-grundschule.de\/wp-content\/uploads\/2024\/03\/OGS-Zeitung-Logo-2024-03-08-300x172.jpeg 300w, http:\/\/www.lippe-grundschule.de\/wp-content\/uploads\/2024\/03\/OGS-Zeitung-Logo-2024-03-08-150x86.jpeg 150w, http:\/\/www.lippe-grundschule.de\/wp-content\/uploads\/2024\/03\/OGS-Zeitung-Logo-2024-03-08-624x357.jpeg 624w, http:\/\/www.lippe-grundschule.de\/wp-content\/uploads\/2024\/03\/OGS-Zeitung-Logo-2024-03-08.jpeg 1374w\" sizes=\"auto, (max-width: 1024px) 100vw, 1024px\" \/><\/a><\/figure>\n<\/div>\n<\/div>\n\n\n\n<p class=\"has-medium-font-size\"><strong>Offene Ganztagsschule<\/strong><\/p>\n\n\n\n<p class=\"has-medium-font-size\">E-Mail: <a href=\"mailto:ogs.lippeschule@awo-paderborn.de\">ogs.lippeschule@awo-paderborn.de<\/a><\/p>\n\n\n\n<p class=\"has-medium-font-size\">Telefonnummer: +49 151 563 188 51<\/p>\n\n\n\n<p class=\"has-medium-font-size\">Hier steht der Betreuungsvertrag als Download zur Verf\u00fcgung:<\/p>\n\n\n\n<p class=\"has-medium-font-size\"><a href=\"http:\/\/www.lippe-grundschule.de\/wp-content\/uploads\/2024\/03\/Betreuungsvertrag-OGS-und-Einwilligungserklaerung-2024-03-08.pdf\" target=\"_blank\" rel=\"noreferrer noopener\">Betreuungsvertrag f\u00fcr die OGS<\/a><\/p>\n\n\n<div class=\"wp-block-image\">\n<figure class=\"alignleft size-large is-resized\"><a href=\"http:\/\/www.lippe-grundschule.de\/wp-content\/uploads\/2024\/02\/OGS-ABC-aktuell-2023-Homepage.pdf\" target=\"_blank\" rel=\"noreferrer noopener\"><img loading=\"lazy\" decoding=\"async\" width=\"310\" height=\"90\" src=\"http:\/\/www.lippe-grundschule.de\/wp-content\/uploads\/2021\/02\/ABC-OGS.png\" alt=\"\" class=\"wp-image-4790\" style=\"width:424px;height:123px\" srcset=\"http:\/\/www.lippe-grundschule.de\/wp-content\/uploads\/2021\/02\/ABC-OGS.png 310w, http:\/\/www.lippe-grundschule.de\/wp-content\/uploads\/2021\/02\/ABC-OGS-300x87.png 300w, http:\/\/www.lippe-grundschule.de\/wp-content\/uploads\/2021\/02\/ABC-OGS-150x44.png 150w\" sizes=\"auto, (max-width: 310px) 100vw, 310px\" \/><\/a><\/figure>\n<\/div><\/div><\/div>\n","protected":false},"excerpt":{"rendered":"<p>Willkommen in unserer OGS Hier finden Sie die OGS-Zeitungen Die AWO unterst\u00fctzt die Vereinbarkeit von Familie und Beruf durch eine verl\u00e4ssliche ganzj\u00e4hrige Betreuung der Sch\u00fclerinnen und Sch\u00fcler nach Unterrichtsende bis 16:00 Uhr.W\u00e4hrend der Schulzeit wird der Tagesablauf durch die Hausaufgabenbegleitung, ein vollwertiges, gesundes Mittagessen und viele unterschiedliche Sport-, Musik-, Kreativ-, oder F\u00f6rderangebote strukturiert.In den Ferien [&hellip;]<\/p>\n","protected":false},"author":1,"featured_media":0,"parent":0,"menu_order":0,"comment_status":"closed","ping_status":"closed","template":"page-templates\/full-width.php","meta":{"footnotes":""},"class_list":["post-22","page","type-page","status-publish","hentry"],"_links":{"self":[{"href":"http:\/\/www.lippe-grundschule.de\/index.php?rest_route=\/wp\/v2\/pages\/22","targetHints":{"allow":["GET"]}}],"collection":[{"href":"http:\/\/www.lippe-grundschule.de\/index.php?rest_route=\/wp\/v2\/pages"}],"about":[{"href":"http:\/\/www.lippe-grundschule.de\/index.php?rest_route=\/wp\/v2\/types\/page"}],"author":[{"embeddable":true,"href":"http:\/\/www.lippe-grundschule.de\/index.php?rest_route=\/wp\/v2\/users\/1"}],"replies":[{"embeddable":true,"href":"http:\/\/www.lippe-grundschule.de\/index.php?rest_route=%2Fwp%2Fv2%2Fcomments&post=22"}],"version-history":[{"count":59,"href":"http:\/\/www.lippe-grundschule.de\/index.php?rest_route=\/wp\/v2\/pages\/22\/revisions"}],"predecessor-version":[{"id":5777,"href":"http:\/\/www.lippe-grundschule.de\/index.php?rest_route=\/wp\/v2\/pages\/22\/revisions\/5777"}],"wp:attachment":[{"href":"http:\/\/www.lippe-grundschule.de\/index.php?rest_route=%2Fwp%2Fv2%2Fmedia&parent=22"}],"curies":[{"name":"wp","href":"https:\/\/api.w.org\/{rel}","templated":true}]}}