{"id":303,"date":"2016-06-05T12:32:20","date_gmt":"2016-06-05T10:32:20","guid":{"rendered":"http:\/\/www.lippe-grundschule.de\/?page_id=303"},"modified":"2025-05-16T09:59:52","modified_gmt":"2025-05-16T07:59:52","slug":"kontakt","status":"publish","type":"page","link":"http:\/\/www.lippe-grundschule.de\/?page_id=303","title":{"rendered":"Kontakt"},"content":{"rendered":"<p>Hier k\u00f6nnen Sie uns eine Nachricht zukommen lassen.<br \/>Telefonisch montags bis donnerstags von 8:00 Uhr bis 11:30 Uhr unter\u00a0 +49 5250 7670.<br \/>Fax an die Nummer +49 5251 13 22 736 505.<br \/>Die OGS ist \u00fcber Tel. +49 151 563 188 51 zu erreichen.<\/p>\n<p>Wenn Sie lieber eine E-mail senden m\u00f6chten, bitte an <a href=\"mailto:lippe-grundschule@stadt-delbrueck.de\">lippe-grundschule@delbrueck.de<\/a> schreiben, f\u00fcr die OGS an <a href=\"ogs.lippeschule@awo-paderborn.de\">ogs.lippeschule@awo-paderborn.de<\/a>\u00a0<\/p>\n\n\n<p><\/p>\n","protected":false},"excerpt":{"rendered":"<p>Hier k\u00f6nnen Sie uns eine Nachricht zukommen lassen.Telefonisch montags bis donnerstags von 8:00 Uhr bis 11:30 Uhr unter\u00a0 +49 5250 7670.Fax an die Nummer +49 5251 13 22 736 505.Die OGS ist \u00fcber Tel. +49 151 563 188 51 zu erreichen. Wenn Sie lieber eine E-mail senden m\u00f6chten, bitte an lippe-grundschule@delbrueck.de schreiben, f\u00fcr die OGS [&hellip;]<\/p>\n","protected":false},"author":1,"featured_media":0,"parent":297,"menu_order":3,"comment_status":"closed","ping_status":"closed","template":"page-templates\/full-width.php","meta":{"footnotes":""},"class_list":["post-303","page","type-page","status-publish","hentry"],"_links":{"self":[{"href":"http:\/\/www.lippe-grundschule.de\/index.php?rest_route=\/wp\/v2\/pages\/303","targetHints":{"allow":["GET"]}}],"collection":[{"href":"http:\/\/www.lippe-grundschule.de\/index.php?rest_route=\/wp\/v2\/pages"}],"about":[{"href":"http:\/\/www.lippe-grundschule.de\/index.php?rest_route=\/wp\/v2\/types\/page"}],"author":[{"embeddable":true,"href":"http:\/\/www.lippe-grundschule.de\/index.php?rest_route=\/wp\/v2\/users\/1"}],"replies":[{"embeddable":true,"href":"http:\/\/www.lippe-grundschule.de\/index.php?rest_route=%2Fwp%2Fv2%2Fcomments&post=303"}],"version-history":[{"count":14,"href":"http:\/\/www.lippe-grundschule.de\/index.php?rest_route=\/wp\/v2\/pages\/303\/revisions"}],"predecessor-version":[{"id":5993,"href":"http:\/\/www.lippe-grundschule.de\/index.php?rest_route=\/wp\/v2\/pages\/303\/revisions\/5993"}],"up":[{"embeddable":true,"href":"http:\/\/www.lippe-grundschule.de\/index.php?rest_route=\/wp\/v2\/pages\/297"}],"wp:attachment":[{"href":"http:\/\/www.lippe-grundschule.de\/index.php?rest_route=%2Fwp%2Fv2%2Fmedia&parent=303"}],"curies":[{"name":"wp","href":"https:\/\/api.w.org\/{rel}","templated":true}]}}