{"id":319,"date":"2016-06-05T13:21:44","date_gmt":"2016-06-05T11:21:44","guid":{"rendered":"http:\/\/www.lippe-grundschule.de\/?page_id=319"},"modified":"2017-02-09T12:54:55","modified_gmt":"2017-02-09T11:54:55","slug":"projekt-jekiss","status":"publish","type":"page","link":"http:\/\/www.lippe-grundschule.de\/?page_id=319","title":{"rendered":"Projekt Jekiss"},"content":{"rendered":"<div id=\"attachment_518\" style=\"width: 247px\" class=\"wp-caption alignright\"><img loading=\"lazy\" decoding=\"async\" aria-describedby=\"caption-attachment-518\" class=\"wp-image-518\" src=\"http:\/\/www.lippe-grundschule.de\/wp-content\/uploads\/2016\/06\/logo_jekiss.gif\" alt=\"logo_jekiss\" width=\"237\" height=\"158\"><p id=\"caption-attachment-518\" class=\"wp-caption-text\">Abbildung: http:\/\/www.jekiss.info\/<\/p><\/div>\n<p>&#8222;Jedem Kind seine Stimme!&#8220; &nbsp;&#8211; &nbsp;Wir machen mit!<\/p>\n<p>Singen macht gl\u00fccklich, auch in der Grundschule! Mit dem Erfolgsprogramm von Inga Mareile Reuther singen alle Kinder gern.<\/p>\n<p>Mehr und mehr wird erkannt, wie wichtig regelm\u00e4\u00dfiges Singen an Schulen ist \u2013 f\u00fcr die Entwicklung aller Anlagen eines Kindes einschlie\u00dflich seiner Sozialkompetenz. JEKISS vermittelt P\u00e4dagoginnen und P\u00e4dagogen praxiserprobte Techniken, das regelm\u00e4\u00dfige Singen in Klasse und Grundschule einzuf\u00fchren. In k\u00fcrzester Zeit w\u00e4chst die Gemeinschaft und wird zu einer Singenden Grundschule.<\/p>\n<p>Unser Jekiss-Konzept finden Sie im Schulprogramm: <a href=\"http:\/\/www.lippe-grundschule.de\/wp-content\/uploads\/2016\/10\/2.1.-und-1.3.-Jekiss.pdf\" target=\"_blank\">2.1. und 1.3. Jekiss<\/a><\/p>\n<p>Weitere Informationen finden Sie hier:&nbsp;https:\/\/www.bosse-verlag.de\/reihen\/jekiss\/jedem-kind-seine-stimme\/<\/p>\n","protected":false},"excerpt":{"rendered":"<p>&#8222;Jedem Kind seine Stimme!&#8220; &nbsp;&#8211; &nbsp;Wir machen mit! Singen macht gl\u00fccklich, auch in der Grundschule! Mit dem Erfolgsprogramm von Inga Mareile Reuther singen alle Kinder gern. Mehr und mehr wird erkannt, wie wichtig regelm\u00e4\u00dfiges Singen an Schulen ist \u2013 f\u00fcr die Entwicklung aller Anlagen eines Kindes einschlie\u00dflich seiner Sozialkompetenz. JEKISS vermittelt P\u00e4dagoginnen und P\u00e4dagogen praxiserprobte [&hellip;]<\/p>\n","protected":false},"author":1,"featured_media":0,"parent":316,"menu_order":2,"comment_status":"closed","ping_status":"closed","template":"page-templates\/full-width.php","meta":{"footnotes":""},"class_list":["post-319","page","type-page","status-publish","hentry"],"_links":{"self":[{"href":"http:\/\/www.lippe-grundschule.de\/index.php?rest_route=\/wp\/v2\/pages\/319","targetHints":{"allow":["GET"]}}],"collection":[{"href":"http:\/\/www.lippe-grundschule.de\/index.php?rest_route=\/wp\/v2\/pages"}],"about":[{"href":"http:\/\/www.lippe-grundschule.de\/index.php?rest_route=\/wp\/v2\/types\/page"}],"author":[{"embeddable":true,"href":"http:\/\/www.lippe-grundschule.de\/index.php?rest_route=\/wp\/v2\/users\/1"}],"replies":[{"embeddable":true,"href":"http:\/\/www.lippe-grundschule.de\/index.php?rest_route=%2Fwp%2Fv2%2Fcomments&post=319"}],"version-history":[{"count":6,"href":"http:\/\/www.lippe-grundschule.de\/index.php?rest_route=\/wp\/v2\/pages\/319\/revisions"}],"predecessor-version":[{"id":519,"href":"http:\/\/www.lippe-grundschule.de\/index.php?rest_route=\/wp\/v2\/pages\/319\/revisions\/519"}],"up":[{"embeddable":true,"href":"http:\/\/www.lippe-grundschule.de\/index.php?rest_route=\/wp\/v2\/pages\/316"}],"wp:attachment":[{"href":"http:\/\/www.lippe-grundschule.de\/index.php?rest_route=%2Fwp%2Fv2%2Fmedia&parent=319"}],"curies":[{"name":"wp","href":"https:\/\/api.w.org\/{rel}","templated":true}]}}