{"id":3661,"date":"2018-05-19T13:54:37","date_gmt":"2018-05-19T11:54:37","guid":{"rendered":"http:\/\/www.lippe-grundschule.de\/?page_id=3661"},"modified":"2026-01-15T12:23:46","modified_gmt":"2026-01-15T11:23:46","slug":"impressum","status":"publish","type":"page","link":"http:\/\/www.lippe-grundschule.de\/?page_id=3661","title":{"rendered":"Impressum"},"content":{"rendered":"<p><strong>Angaben gem\u00e4\u00df \u00a7 5 TMG:<\/strong><\/p>\n<p>Lippe-Grundschule<\/p>\n<p><strong>Postanschrift:<\/strong><br \/>Landolinusplatz 9<br \/>33129 Delbr\u00fcck<\/p>\n<p><strong>Kontakt:<\/strong><\/p>\n<p>Telefon: +49 5250 7670<br \/>Telefax: +49 5250 931402<br \/>E-Mail: lippe-grundschule@delbrueck.de<\/p>\n<p><strong>Vertreten durch:<\/strong><\/p>\n<p>Schulleiterin Cornelia Steppuhn<\/p>\n<p><strong>Datenschutzbeauftragter:<\/strong><\/p>\n<p>Manfred Bergmann, bergmannm@schulamt-paderborn.de<br \/>S\u00f6ren Maag, maags@schulamt-paderborn.de<\/p>\n<p><strong>Aufsichtsbeh\u00f6rde<\/strong><\/p>\n<p>Schulamt f\u00fcr den Kreis Paderborn<br \/>Bahnhofstra\u00dfe 25<br \/>33102 Paderborn<br \/>Tel.: +49 5251 308-0<\/p>\n<p><strong>Verantwortlich f\u00fcr journalistisch-redaktionelle Inhalte ist:<\/strong><\/p>\n<p>Cornelia Steppuhn<br \/>cornelia.steppuhn@delbrueck.de<\/p>\n<p><em>Das Impressum wurde mit Hilfe von dem <a href=\"https:\/\/www.activemind.de\/datenschutz\/impressums-generator\/\">Impressums-Generator der activeMind AG<\/a> erstellt.<\/em><\/p>\n\n\n<p><\/p>\n","protected":false},"excerpt":{"rendered":"<p>Angaben gem\u00e4\u00df \u00a7 5 TMG: Lippe-Grundschule Postanschrift:Landolinusplatz 933129 Delbr\u00fcck Kontakt: Telefon: +49 5250 7670Telefax: +49 5250 931402E-Mail: lippe-grundschule@delbrueck.de Vertreten durch: Schulleiterin Cornelia Steppuhn Datenschutzbeauftragter: Manfred Bergmann, bergmannm@schulamt-paderborn.deS\u00f6ren Maag, maags@schulamt-paderborn.de Aufsichtsbeh\u00f6rde Schulamt f\u00fcr den Kreis PaderbornBahnhofstra\u00dfe 2533102 PaderbornTel.: +49 5251 308-0 Verantwortlich f\u00fcr journalistisch-redaktionelle Inhalte ist: Cornelia Steppuhncornelia.steppuhn@delbrueck.de Das Impressum wurde mit Hilfe von dem Impressums-Generator [&hellip;]<\/p>\n","protected":false},"author":1,"featured_media":0,"parent":0,"menu_order":0,"comment_status":"closed","ping_status":"closed","template":"","meta":{"footnotes":""},"class_list":["post-3661","page","type-page","status-publish","hentry"],"_links":{"self":[{"href":"http:\/\/www.lippe-grundschule.de\/index.php?rest_route=\/wp\/v2\/pages\/3661","targetHints":{"allow":["GET"]}}],"collection":[{"href":"http:\/\/www.lippe-grundschule.de\/index.php?rest_route=\/wp\/v2\/pages"}],"about":[{"href":"http:\/\/www.lippe-grundschule.de\/index.php?rest_route=\/wp\/v2\/types\/page"}],"author":[{"embeddable":true,"href":"http:\/\/www.lippe-grundschule.de\/index.php?rest_route=\/wp\/v2\/users\/1"}],"replies":[{"embeddable":true,"href":"http:\/\/www.lippe-grundschule.de\/index.php?rest_route=%2Fwp%2Fv2%2Fcomments&post=3661"}],"version-history":[{"count":9,"href":"http:\/\/www.lippe-grundschule.de\/index.php?rest_route=\/wp\/v2\/pages\/3661\/revisions"}],"predecessor-version":[{"id":6086,"href":"http:\/\/www.lippe-grundschule.de\/index.php?rest_route=\/wp\/v2\/pages\/3661\/revisions\/6086"}],"wp:attachment":[{"href":"http:\/\/www.lippe-grundschule.de\/index.php?rest_route=%2Fwp%2Fv2%2Fmedia&parent=3661"}],"curies":[{"name":"wp","href":"https:\/\/api.w.org\/{rel}","templated":true}]}}