{"id":37,"date":"2016-05-10T16:44:38","date_gmt":"2016-05-10T14:44:38","guid":{"rendered":"http:\/\/www.lippe-grundschule.de\/?page_id=37"},"modified":"2016-09-13T15:19:07","modified_gmt":"2016-09-13T13:19:07","slug":"ueber-uns","status":"publish","type":"page","link":"http:\/\/www.lippe-grundschule.de\/?page_id=37","title":{"rendered":"\u00dcber uns"},"content":{"rendered":"<p>Herzlich willkommen auf den Seiten der Lippe-Grundschule<\/p>\n<p>Die Lippe-Grundschule liegt im Ortsteil Boke im l\u00e4ndlichen Raum und ist eine von sieben Grundschulen der Stadt Delbr\u00fcck. Sie ist eine katholische Bekenntnisgrundschule. Unsere Schule wird zur Zeit von ca. 213 Kindern besucht, die in der Regel aus den Ortsteilen Anreppen, Bentfeld und Boke kommen. Diese 3 Lippegemeinden sind traditionell durch die Pfarrgemeinde St. Landolinus miteinander verbunden. Unsere Sch\u00fclerinnen und Sch\u00fcler geh\u00f6ren \u00fcberwiegend dem katholischen Bekenntnis an. Aber auch Kinder anderer Religionsgemeinschaften besuchen unsere Schule.<br \/>\nDie Sch\u00fcler unserer Schule kommen in der Regel aus den beiden Kindertageseinrichtungen in Boke oder aus den Einrichtungen in Anreppen und in Bentfeld. Sie werden jeweils in zwei Klassen pro Jahrgang von insgesamt 15 Lehrkr\u00e4ften in den F\u00e4chern Deutsch, Mathematik, Englisch, Sachunterricht, Sport, katholische oder evangelische Religion, Kunst und Musik unterrichtet. Unsere Schulabg\u00e4nger besuchen in der Regel das Gymnasium oder die Gesamtschule in Delbr\u00fcck oder die Gesamtschule in Elsen. Es gibt kaum R\u00fcckl\u00e4ufer vom Gymnasium zur Realschule bzw. von der Realschule zur Hauptschule.<br \/>\nSeit 1997 ist der \u201eElternverein der Kath. Grundschule Boke\u201c e. V. unserer Schule angeschlossen. In enger Kooperation mit der Schule stellt der Verein ein Betreuungsangebot f\u00fcr die Offene Ganztagsgrundschule (OGS) mit Hausaufgabenbetreuung, AG-Angeboten, und Mittagessen sowie die Randstunden von 7.30 \u2013 13.30 Uhr bereit. Beide Angebote werden von aktuell von 10 Mitarbeiterinnen betreut. An der Randstundenbetreuung nehmen z. Zt. 30 Kinder teil, in die OGS gehen 70 Sch\u00fcler, das sind fast 50 % der Kinder.<br \/>\nIn unserer p\u00e4dagogischen Arbeit unterst\u00fctzt uns der F\u00f6rderverein der Schule, z. B. bei der Anschaffung besonderer Lehr- und Lernmittel, bei der Durchf\u00fchrung von Veranstaltungen und Ausfl\u00fcgen. Der Verein z\u00e4hlt zurzeit etwa 110 Mitglieder.<br \/>\nUnsere Homepage http:\/\/www.lippe-grundschule.de\/ gibt einen \u00dcberblick \u00fcber die Arbeit unserer Schule und der Betreuung und informiert \u00fcber aktuelle Ereignisse.<\/p>\n","protected":false},"excerpt":{"rendered":"<p>Herzlich willkommen auf den Seiten der Lippe-Grundschule Die Lippe-Grundschule liegt im Ortsteil Boke im l\u00e4ndlichen Raum und ist eine von sieben Grundschulen der Stadt Delbr\u00fcck. Sie ist eine katholische Bekenntnisgrundschule. Unsere Schule wird zur Zeit von ca. 213 Kindern besucht, die in der Regel aus den Ortsteilen Anreppen, Bentfeld und Boke kommen. Diese 3 Lippegemeinden [&hellip;]<\/p>\n","protected":false},"author":1,"featured_media":0,"parent":0,"menu_order":1,"comment_status":"closed","ping_status":"closed","template":"page-templates\/full-width.php","meta":{"footnotes":""},"class_list":["post-37","page","type-page","status-publish","hentry"],"_links":{"self":[{"href":"http:\/\/www.lippe-grundschule.de\/index.php?rest_route=\/wp\/v2\/pages\/37","targetHints":{"allow":["GET"]}}],"collection":[{"href":"http:\/\/www.lippe-grundschule.de\/index.php?rest_route=\/wp\/v2\/pages"}],"about":[{"href":"http:\/\/www.lippe-grundschule.de\/index.php?rest_route=\/wp\/v2\/types\/page"}],"author":[{"embeddable":true,"href":"http:\/\/www.lippe-grundschule.de\/index.php?rest_route=\/wp\/v2\/users\/1"}],"replies":[{"embeddable":true,"href":"http:\/\/www.lippe-grundschule.de\/index.php?rest_route=%2Fwp%2Fv2%2Fcomments&post=37"}],"version-history":[{"count":3,"href":"http:\/\/www.lippe-grundschule.de\/index.php?rest_route=\/wp\/v2\/pages\/37\/revisions"}],"predecessor-version":[{"id":978,"href":"http:\/\/www.lippe-grundschule.de\/index.php?rest_route=\/wp\/v2\/pages\/37\/revisions\/978"}],"wp:attachment":[{"href":"http:\/\/www.lippe-grundschule.de\/index.php?rest_route=%2Fwp%2Fv2%2Fmedia&parent=37"}],"curies":[{"name":"wp","href":"https:\/\/api.w.org\/{rel}","templated":true}]}}