{"id":890,"date":"2016-08-24T17:34:07","date_gmt":"2016-08-24T15:34:07","guid":{"rendered":"http:\/\/www.lippe-grundschule.de\/?page_id=890"},"modified":"2017-03-28T17:43:44","modified_gmt":"2017-03-28T15:43:44","slug":"schulprogramm","status":"publish","type":"page","link":"http:\/\/www.lippe-grundschule.de\/?page_id=890","title":{"rendered":"Schulprogramm"},"content":{"rendered":"<p><img loading=\"lazy\" decoding=\"async\" class=\"alignright wp-image-2063\" src=\"http:\/\/www.lippe-grundschule.de\/wp-content\/uploads\/2016\/08\/vorwort-schulprg-281x300.png\" alt=\"\" height=\"640\" width=\"600\" srcset=\"http:\/\/www.lippe-grundschule.de\/wp-content\/uploads\/2016\/08\/vorwort-schulprg-281x300.png 281w, http:\/\/www.lippe-grundschule.de\/wp-content\/uploads\/2016\/08\/vorwort-schulprg-141x150.png 141w, http:\/\/www.lippe-grundschule.de\/wp-content\/uploads\/2016\/08\/vorwort-schulprg-624x665.png 624w, http:\/\/www.lippe-grundschule.de\/wp-content\/uploads\/2016\/08\/vorwort-schulprg.png 712w\" sizes=\"auto, (max-width: 600px) 100vw, 600px\" \/><\/p>\n<h1><a href=\"http:\/\/www.lippe-grundschule.de\/?page_id=1153\">1. Ergebnisse der Schule<\/a><br \/>\n<a href=\"http:\/\/www.lippe-grundschule.de\/?page_id=1162\">2. Lernen und Lehren &#8211; Unterricht<\/a><br \/>\n<a href=\"http:\/\/www.lippe-grundschule.de\/?page_id=1147\">3. Schulkultur<\/a><br \/>\n<a href=\"http:\/\/www.lippe-grundschule.de\/?page_id=1140\" target=\"_blank\">4. F\u00fchrung und Schulmanagement<\/a><br \/>\n<a href=\"http:\/\/www.lippe-grundschule.de\/?page_id=1164\">5. Professionalit\u00e4t der Lehrkr\u00e4fte<\/a><br \/>\n<a href=\"http:\/\/www.lippe-grundschule.de\/?page_id=1166\">6. Schulentwicklung<\/a><\/h1>\n<p>&nbsp;<\/p>\n","protected":false},"excerpt":{"rendered":"<p>1. Ergebnisse der Schule 2. Lernen und Lehren &#8211; Unterricht 3. Schulkultur 4. F\u00fchrung und Schulmanagement 5. Professionalit\u00e4t der Lehrkr\u00e4fte 6. Schulentwicklung &nbsp;<\/p>\n","protected":false},"author":1,"featured_media":0,"parent":37,"menu_order":0,"comment_status":"closed","ping_status":"closed","template":"","meta":{"footnotes":""},"class_list":["post-890","page","type-page","status-publish","hentry"],"_links":{"self":[{"href":"http:\/\/www.lippe-grundschule.de\/index.php?rest_route=\/wp\/v2\/pages\/890","targetHints":{"allow":["GET"]}}],"collection":[{"href":"http:\/\/www.lippe-grundschule.de\/index.php?rest_route=\/wp\/v2\/pages"}],"about":[{"href":"http:\/\/www.lippe-grundschule.de\/index.php?rest_route=\/wp\/v2\/types\/page"}],"author":[{"embeddable":true,"href":"http:\/\/www.lippe-grundschule.de\/index.php?rest_route=\/wp\/v2\/users\/1"}],"replies":[{"embeddable":true,"href":"http:\/\/www.lippe-grundschule.de\/index.php?rest_route=%2Fwp%2Fv2%2Fcomments&post=890"}],"version-history":[{"count":15,"href":"http:\/\/www.lippe-grundschule.de\/index.php?rest_route=\/wp\/v2\/pages\/890\/revisions"}],"predecessor-version":[{"id":2065,"href":"http:\/\/www.lippe-grundschule.de\/index.php?rest_route=\/wp\/v2\/pages\/890\/revisions\/2065"}],"up":[{"embeddable":true,"href":"http:\/\/www.lippe-grundschule.de\/index.php?rest_route=\/wp\/v2\/pages\/37"}],"wp:attachment":[{"href":"http:\/\/www.lippe-grundschule.de\/index.php?rest_route=%2Fwp%2Fv2%2Fmedia&parent=890"}],"curies":[{"name":"wp","href":"https:\/\/api.w.org\/{rel}","templated":true}]}}